{"id":1782,"date":"2023-04-18T10:43:09","date_gmt":"2023-04-18T08:43:09","guid":{"rendered":"https:\/\/ise.edu.es\/?page_id=1782"},"modified":"2023-08-20T17:48:43","modified_gmt":"2023-08-20T15:48:43","slug":"quienes-somos-2","status":"publish","type":"page","link":"https:\/\/ise.edu.es\/index.php\/quienes-somos-2\/","title":{"rendered":"\u00bfQui\u00e9nes somos?"},"content":{"rendered":"\t\t<div data-elementor-type=\"wp-page\" data-elementor-id=\"1782\" class=\"elementor elementor-1782\" data-elementor-post-type=\"page\">\n\t\t\t\t<div class=\"elementor-element elementor-element-5492ed67 e-flex e-con-boxed e-con e-parent\" data-id=\"5492ed67\" data-element_type=\"container\" data-e-type=\"container\" data-settings=\"{&quot;background_background&quot;:&quot;gradient&quot;}\">\n\t\t\t\t\t<div class=\"e-con-inner\">\n\t\t\t\t<div class=\"elementor-element elementor-element-54827560 elementor-widget elementor-widget-heading\" data-id=\"54827560\" data-element_type=\"widget\" data-e-type=\"widget\" data-widget_type=\"heading.default\">\n\t\t\t\t<div class=\"elementor-widget-container\">\n\t\t\t\t\t<h2 class=\"elementor-heading-title elementor-size-default\"><strong>\u00bfQui\u00e9nes <\/strong>somos ?<\/h2>\t\t\t\t<\/div>\n\t\t\t\t<\/div>\n\t\t\t\t\t<\/div>\n\t\t\t\t<\/div>\n\t\t<div class=\"elementor-element elementor-element-4f90ca1 e-flex e-con-boxed e-con e-parent\" data-id=\"4f90ca1\" data-element_type=\"container\" data-e-type=\"container\" data-settings=\"{&quot;background_background&quot;:&quot;classic&quot;}\">\n\t\t\t\t\t<div class=\"e-con-inner\">\n\t\t<div class=\"elementor-element elementor-element-f43cfc4 e-con-full e-flex e-con e-parent\" data-id=\"f43cfc4\" data-element_type=\"container\" data-e-type=\"container\">\n\t\t\t\t<div class=\"elementor-element elementor-element-6633adc elementor-hidden-mobile elementor-widget elementor-widget-image\" data-id=\"6633adc\" data-element_type=\"widget\" data-e-type=\"widget\" data-widget_type=\"image.default\">\n\t\t\t\t<div class=\"elementor-widget-container\">\n\t\t\t\t\t\t\t\t\t\t\t\t\t\t\t<img fetchpriority=\"high\" decoding=\"async\" width=\"834\" height=\"473\" src=\"https:\/\/ise.edu.es\/wp-content\/uploads\/2018\/09\/vision-1.jpg\" class=\"attachment-2048x2048 size-2048x2048 wp-image-272\" alt=\"Visi\u00f3n\" srcset=\"https:\/\/ise.edu.es\/wp-content\/uploads\/2018\/09\/vision-1.jpg 834w, https:\/\/ise.edu.es\/wp-content\/uploads\/2018\/09\/vision-1-300x170.jpg 300w, https:\/\/ise.edu.es\/wp-content\/uploads\/2018\/09\/vision-1-768x436.jpg 768w\" sizes=\"(max-width: 834px) 100vw, 834px\" \/>\t\t\t\t\t\t\t\t\t\t\t\t\t\t\t<\/div>\n\t\t\t\t<\/div>\n\t\t\t\t<\/div>\n\t\t<div class=\"elementor-element elementor-element-0a428b6 e-con-full e-flex e-con e-parent\" data-id=\"0a428b6\" data-element_type=\"container\" data-e-type=\"container\">\n\t\t\t\t<div class=\"elementor-element elementor-element-562643e elementor-hidden-mobile elementor-widget elementor-widget-heading\" data-id=\"562643e\" data-element_type=\"widget\" data-e-type=\"widget\" data-widget_type=\"heading.default\">\n\t\t\t\t<div class=\"elementor-widget-container\">\n\t\t\t\t\t<h2 class=\"elementor-heading-title elementor-size-default\">NUESTRA <strong>MISI\u00d3N<\/strong> ES<\/h2>\t\t\t\t<\/div>\n\t\t\t\t<\/div>\n\t\t<div class=\"elementor-element elementor-element-ee0a4d8 e-flex e-con-boxed e-con e-parent\" data-id=\"ee0a4d8\" data-element_type=\"container\" data-e-type=\"container\">\n\t\t\t\t\t<div class=\"e-con-inner\">\n\t\t\t\t<div class=\"elementor-element elementor-element-70b4380 elementor-hidden-mobile elementor-widget elementor-widget-text-editor\" data-id=\"70b4380\" data-element_type=\"widget\" data-e-type=\"widget\" data-widget_type=\"text-editor.default\">\n\t\t\t\t<div class=\"elementor-widget-container\">\n\t\t\t\t\t\t\t\t\t<p>Un sector <strong>determinante<\/strong> <strong>en nuestra econom\u00eda<\/strong>, haciendo del nuestro un pa\u00eds <strong>l\u00edder<\/strong> en la <strong>profesionalizaci\u00f3n<\/strong> de este sector y fomentando el <strong>crecimiento<\/strong> de esta industria como <strong>motor<\/strong> de nuestra <strong>econom\u00eda<\/strong> y <strong>fuente de empleo<\/strong> para las pr\u00f3ximas d\u00e9cadas.<\/p>\t\t\t\t\t\t\t\t<\/div>\n\t\t\t\t<\/div>\n\t\t\t\t\t<\/div>\n\t\t\t\t<\/div>\n\t\t\t\t<\/div>\n\t\t\t\t\t<\/div>\n\t\t\t\t<\/div>\n\t\t<div class=\"elementor-element elementor-element-9c5dff8 elementor-hidden-mobile e-flex e-con-boxed e-con e-parent\" data-id=\"9c5dff8\" data-element_type=\"container\" data-e-type=\"container\" data-settings=\"{&quot;background_background&quot;:&quot;classic&quot;}\">\n\t\t\t\t\t<div class=\"e-con-inner\">\n\t\t\t\t<div class=\"elementor-element elementor-element-74a5906 elementor-widget elementor-widget-heading\" data-id=\"74a5906\" data-element_type=\"widget\" data-e-type=\"widget\" data-widget_type=\"heading.default\">\n\t\t\t\t<div class=\"elementor-widget-container\">\n\t\t\t\t\t<h2 class=\"elementor-heading-title elementor-size-default\">Nuestra <strong>visi\u00f3n<\/strong> como comunidad incluye<\/h2>\t\t\t\t<\/div>\n\t\t\t\t<\/div>\n\t\t\t\t\t<\/div>\n\t\t\t\t<\/div>\n\t\t<div class=\"elementor-element elementor-element-670099e elementor-hidden-mobile e-flex e-con-boxed e-con e-parent\" data-id=\"670099e\" data-element_type=\"container\" data-e-type=\"container\" data-settings=\"{&quot;background_background&quot;:&quot;classic&quot;}\">\n\t\t\t\t\t<div class=\"e-con-inner\">\n\t\t<div class=\"elementor-element elementor-element-1efccb1 e-con-full e-flex e-con e-parent\" data-id=\"1efccb1\" data-element_type=\"container\" data-e-type=\"container\">\n\t\t\t\t<div class=\"elementor-element elementor-element-d22ab6b elementor-widget elementor-widget-text-editor\" data-id=\"d22ab6b\" data-element_type=\"widget\" data-e-type=\"widget\" data-widget_type=\"text-editor.default\">\n\t\t\t\t<div class=\"elementor-widget-container\">\n\t\t\t\t\t\t\t\t\t<ul style=\"list-style-image: url('https:\/\/ise.edu.es\/wp-content\/uploads\/2023\/07\/ico-check-copia.png');\">\n \t<li><strong>Potenciar la colaboraci\u00f3n<\/strong> de los diferentes agentes sociales para difundir el concepto de ingenier\u00eda de Servicios y promover el uso de <strong>buenas pr\u00e1cticas<\/strong> en el sector servicios.<\/li>\n \t<li><strong>Profesionalizar<\/strong> la pr\u00e1ctica del sector servicios a trav\u00e9s de la <strong>formaci\u00f3n<\/strong> de Ingenieros en Servicios, tanto a nivel de grado como de m\u00e1ster.<\/li>\n \t<li><strong>Impulsar y promover la contrataci\u00f3n<\/strong> de Ingenieros en Servicios en las organizaciones como una forma de aumentar la calidad y la productividad en empresas de servicios.<\/li>\n \t<li><strong>Capacitar a empresas del sector,<\/strong> impulsando as\u00ed la mejora en el dise\u00f1o, la construcci\u00f3n y gesti\u00f3n de los servicios ofrecidos.<\/li>\n<\/ul>\t\t\t\t\t\t\t\t<\/div>\n\t\t\t\t<\/div>\n\t\t\t\t<\/div>\n\t\t<div class=\"elementor-element elementor-element-37366c9 e-con-full e-flex e-con e-parent\" data-id=\"37366c9\" data-element_type=\"container\" data-e-type=\"container\">\n\t\t\t\t<div class=\"elementor-element elementor-element-0770649 elementor-widget elementor-widget-text-editor\" data-id=\"0770649\" data-element_type=\"widget\" data-e-type=\"widget\" data-widget_type=\"text-editor.default\">\n\t\t\t\t<div class=\"elementor-widget-container\">\n\t\t\t\t\t\t\t\t\t<ul style=\"list-style-image: url('https:\/\/ise.edu.es\/wp-content\/uploads\/2023\/07\/ico-check-copia.png');\">\n \t<li><strong>Promover<\/strong> el avance de la <strong>investigaci\u00f3n cient\u00edfica<\/strong> en ramas relacionadas con la Ingenier\u00eda de Servicios creando nuevo conocimiento y teor\u00edas para tareas que se realizan hoy de forma experimental.<\/li>\n \t<li>Contribuir a la <strong>incorporaci\u00f3n de mujeres<\/strong> a carreras de Ingenier\u00eda.<\/li>\n \t<li>Crear Ingenieros con un <strong>perfil human\u00edstico y social<\/strong> diferenciador del perfil del Ingeniero tradicional.<\/li>\n<\/ul>\t\t\t\t\t\t\t\t<\/div>\n\t\t\t\t<\/div>\n\t\t\t\t<\/div>\n\t\t\t\t\t<\/div>\n\t\t\t\t<\/div>\n\t\t<div class=\"elementor-element elementor-element-3e2e514 e-flex e-con-boxed e-con e-parent\" data-id=\"3e2e514\" data-element_type=\"container\" data-e-type=\"container\" data-settings=\"{&quot;background_background&quot;:&quot;classic&quot;}\">\n\t\t\t\t\t<div class=\"e-con-inner\">\n\t\t<div class=\"elementor-element elementor-element-988f993 e-con-full e-flex e-con e-parent\" data-id=\"988f993\" data-element_type=\"container\" data-e-type=\"container\">\n\t\t\t\t<div class=\"elementor-element elementor-element-b8f6603 elementor-hidden-mobile elementor-widget elementor-widget-image\" data-id=\"b8f6603\" data-element_type=\"widget\" data-e-type=\"widget\" data-widget_type=\"image.default\">\n\t\t\t\t<div class=\"elementor-widget-container\">\n\t\t\t\t\t\t\t\t\t\t\t\t\t\t\t<img decoding=\"async\" src=\"https:\/\/ise.edu.es\/wp-content\/uploads\/elementor\/thumbs\/valores-1-q4yg5sxq4lmwxo442j40mppjab9l4bz7igur7lnank.jpg\" title=\"Valores\" alt=\"Valores\" loading=\"lazy\" \/>\t\t\t\t\t\t\t\t\t\t\t\t\t\t\t<\/div>\n\t\t\t\t<\/div>\n\t\t\t\t<\/div>\n\t\t<div class=\"elementor-element elementor-element-c05439c e-con-full e-flex e-con e-parent\" data-id=\"c05439c\" data-element_type=\"container\" data-e-type=\"container\">\n\t\t\t\t<div class=\"elementor-element elementor-element-c83cb48 elementor-hidden-mobile elementor-widget elementor-widget-heading\" data-id=\"c83cb48\" data-element_type=\"widget\" data-e-type=\"widget\" data-widget_type=\"heading.default\">\n\t\t\t\t<div class=\"elementor-widget-container\">\n\t\t\t\t\t<h2 class=\"elementor-heading-title elementor-size-default\">NUESTROS <strong>VALORES<\/strong> COMO COMUNIDAD<\/h2>\t\t\t\t<\/div>\n\t\t\t\t<\/div>\n\t\t<div class=\"elementor-element elementor-element-6ef70c8 e-flex e-con-boxed e-con e-parent\" data-id=\"6ef70c8\" data-element_type=\"container\" data-e-type=\"container\">\n\t\t\t\t\t<div class=\"e-con-inner\">\n\t\t\t\t<div class=\"elementor-element elementor-element-704f52a elementor-hidden-mobile elementor-widget elementor-widget-text-editor\" data-id=\"704f52a\" data-element_type=\"widget\" data-e-type=\"widget\" data-widget_type=\"text-editor.default\">\n\t\t\t\t<div class=\"elementor-widget-container\">\n\t\t\t\t\t\t\t\t\t<ul><li>La sociedad, invirtiendo esfuerzos en la mejora de la calidad y la productividad de empresas del principal sector de la econom\u00eda nacional.<\/li><li>La creaci\u00f3n de nuevos perfiles profesionales que sean necesarios y relevantes para el progreso de la sociedad.<\/li><li>La formaci\u00f3n de profesionales con la capacitaci\u00f3n que la empresa actual demanda, fomentando as\u00ed la incorporaci\u00f3n al mercado laboral de nuestr@s j\u00f3venes.<\/li><li>La igualdad de oportunidades para la mujer. Creemos en una sociedad igualitaria y el Ingeniero de Servicios es un Ingeniero con conciencia Humana y Social, lo que atraer\u00e1 sin duda al talento femenino.<\/li><\/ul>\t\t\t\t\t\t\t\t<\/div>\n\t\t\t\t<\/div>\n\t\t\t\t\t<\/div>\n\t\t\t\t<\/div>\n\t\t\t\t<\/div>\n\t\t\t\t\t<\/div>\n\t\t\t\t<\/div>\n\t\t<div class=\"elementor-element elementor-element-7edb245 e-flex e-con-boxed e-con e-parent\" data-id=\"7edb245\" data-element_type=\"container\" data-e-type=\"container\">\n\t\t\t\t\t<div class=\"e-con-inner\">\n\t\t\t\t\t<\/div>\n\t\t\t\t<\/div>\n\t\t<div class=\"elementor-element elementor-element-d7cad08 e-flex e-con-boxed e-con e-parent\" data-id=\"d7cad08\" data-element_type=\"container\" data-e-type=\"container\" data-settings=\"{&quot;background_background&quot;:&quot;classic&quot;}\">\n\t\t\t\t\t<div class=\"e-con-inner\">\n\t\t<div class=\"elementor-element elementor-element-8e0ca47 e-con-full e-flex e-con e-parent\" data-id=\"8e0ca47\" data-element_type=\"container\" data-e-type=\"container\">\n\t\t\t\t<div class=\"elementor-element elementor-element-59a8006 elementor-widget elementor-widget-heading\" data-id=\"59a8006\" data-element_type=\"widget\" data-e-type=\"widget\" data-widget_type=\"heading.default\">\n\t\t\t\t<div class=\"elementor-widget-container\">\n\t\t\t\t\t<h2 class=\"elementor-heading-title elementor-size-default\">Esta <strong>comunidad<\/strong> est\u00e1 formada por:<\/h2>\t\t\t\t<\/div>\n\t\t\t\t<\/div>\n\t\t\t\t<\/div>\n\t\t\t\t\t<\/div>\n\t\t\t\t<\/div>\n\t\t<div class=\"elementor-element elementor-element-43f8496 e-flex e-con-boxed e-con e-parent\" data-id=\"43f8496\" data-element_type=\"container\" data-e-type=\"container\" data-settings=\"{&quot;background_background&quot;:&quot;classic&quot;}\">\n\t\t\t\t\t<div class=\"e-con-inner\">\n\t\t<div class=\"elementor-element elementor-element-4a0c8dc e-con-full e-flex e-con e-parent\" data-id=\"4a0c8dc\" data-element_type=\"container\" data-e-type=\"container\">\n\t\t\t\t<div class=\"elementor-element elementor-element-6dbe01d elementor-widget elementor-widget-heading\" data-id=\"6dbe01d\" data-element_type=\"widget\" data-e-type=\"widget\" data-widget_type=\"heading.default\">\n\t\t\t\t<div class=\"elementor-widget-container\">\n\t\t\t\t\t<h3 class=\"elementor-heading-title elementor-size-default\">Co-Fundadores<\/h3>\t\t\t\t<\/div>\n\t\t\t\t<\/div>\n\t\t\t\t<div class=\"elementor-element elementor-element-385f60b elementor-widget elementor-widget-gallery\" data-id=\"385f60b\" data-element_type=\"widget\" data-e-type=\"widget\" data-settings=\"{&quot;columns&quot;:2,&quot;gap&quot;:{&quot;unit&quot;:&quot;px&quot;,&quot;size&quot;:50,&quot;sizes&quot;:[]},&quot;aspect_ratio&quot;:&quot;16:9&quot;,&quot;gallery_layout&quot;:&quot;grid&quot;,&quot;columns_tablet&quot;:2,&quot;columns_mobile&quot;:1,&quot;gap_tablet&quot;:{&quot;unit&quot;:&quot;px&quot;,&quot;size&quot;:10,&quot;sizes&quot;:[]},&quot;gap_mobile&quot;:{&quot;unit&quot;:&quot;px&quot;,&quot;size&quot;:10,&quot;sizes&quot;:[]},&quot;link_to&quot;:&quot;file&quot;,&quot;overlay_background&quot;:&quot;yes&quot;,&quot;content_hover_animation&quot;:&quot;fade-in&quot;}\" data-widget_type=\"gallery.default\">\n\t\t\t\t<div class=\"elementor-widget-container\">\n\t\t\t\t\t\t\t<div class=\"elementor-gallery__container\">\n\t\t\t\t\t\t\t<a class=\"e-gallery-item elementor-gallery-item elementor-animated-content\" href=\"https:\/\/ise.edu.es\/wp-content\/uploads\/2023\/04\/URJC-NEGRO-Y-ROJO.png\" data-elementor-open-lightbox=\"yes\" data-elementor-lightbox-slideshow=\"385f60b\" data-elementor-lightbox-title=\"URJC NEGRO Y ROJO\" data-e-action-hash=\"#elementor-action%3Aaction%3Dlightbox%26settings%3DeyJpZCI6MjE4NCwidXJsIjoiaHR0cHM6XC9cL2lzZS5lZHUuZXNcL3dwLWNvbnRlbnRcL3VwbG9hZHNcLzIwMjNcLzA0XC9VUkpDLU5FR1JPLVktUk9KTy5wbmciLCJzbGlkZXNob3ciOiIzODVmNjBiIn0%3D\">\n\t\t\t\t\t<div class=\"e-gallery-image elementor-gallery-item__image\" data-thumbnail=\"https:\/\/ise.edu.es\/wp-content\/uploads\/2023\/04\/URJC-NEGRO-Y-ROJO-300x188.png\" data-width=\"300\" data-height=\"188\" aria-label=\"\" role=\"img\" ><\/div>\n\t\t\t\t\t\t\t\t\t\t\t<div class=\"elementor-gallery-item__overlay\"><\/div>\n\t\t\t\t\t\t\t\t\t\t\t\t\t\t<\/a>\n\t\t\t\t\t\t\t<a class=\"e-gallery-item elementor-gallery-item elementor-animated-content\" href=\"https:\/\/ise.edu.es\/wp-content\/uploads\/2023\/04\/Logos-Adaptados_Mesa-de-trabajo-1-12.png\" data-elementor-open-lightbox=\"yes\" data-elementor-lightbox-slideshow=\"385f60b\" data-elementor-lightbox-title=\"Logos Adaptados_Mesa de trabajo 1-12\" data-e-action-hash=\"#elementor-action%3Aaction%3Dlightbox%26settings%3DeyJpZCI6MjE4MiwidXJsIjoiaHR0cHM6XC9cL2lzZS5lZHUuZXNcL3dwLWNvbnRlbnRcL3VwbG9hZHNcLzIwMjNcLzA0XC9Mb2dvcy1BZGFwdGFkb3NfTWVzYS1kZS10cmFiYWpvLTEtMTIucG5nIiwic2xpZGVzaG93IjoiMzg1ZjYwYiJ9\">\n\t\t\t\t\t<div class=\"e-gallery-image elementor-gallery-item__image\" data-thumbnail=\"https:\/\/ise.edu.es\/wp-content\/uploads\/2023\/04\/Logos-Adaptados_Mesa-de-trabajo-1-12-300x300.png\" data-width=\"300\" data-height=\"300\" aria-label=\"\" role=\"img\" ><\/div>\n\t\t\t\t\t\t\t\t\t\t\t<div class=\"elementor-gallery-item__overlay\"><\/div>\n\t\t\t\t\t\t\t\t\t\t\t\t\t\t<\/a>\n\t\t\t\t\t\t\t<a class=\"e-gallery-item elementor-gallery-item elementor-animated-content\" href=\"https:\/\/ise.edu.es\/wp-content\/uploads\/2023\/04\/Logos-Adaptados_Mesa-de-trabajo-1-08.png\" data-elementor-open-lightbox=\"yes\" data-elementor-lightbox-slideshow=\"385f60b\" data-elementor-lightbox-title=\"Logos Adaptados_Mesa de trabajo 1-08\" data-e-action-hash=\"#elementor-action%3Aaction%3Dlightbox%26settings%3DeyJpZCI6MjE4MSwidXJsIjoiaHR0cHM6XC9cL2lzZS5lZHUuZXNcL3dwLWNvbnRlbnRcL3VwbG9hZHNcLzIwMjNcLzA0XC9Mb2dvcy1BZGFwdGFkb3NfTWVzYS1kZS10cmFiYWpvLTEtMDgucG5nIiwic2xpZGVzaG93IjoiMzg1ZjYwYiJ9\">\n\t\t\t\t\t<div class=\"e-gallery-image elementor-gallery-item__image\" data-thumbnail=\"https:\/\/ise.edu.es\/wp-content\/uploads\/2023\/04\/Logos-Adaptados_Mesa-de-trabajo-1-08-300x300.png\" data-width=\"300\" data-height=\"300\" aria-label=\"\" role=\"img\" ><\/div>\n\t\t\t\t\t\t\t\t\t\t\t<div class=\"elementor-gallery-item__overlay\"><\/div>\n\t\t\t\t\t\t\t\t\t\t\t\t\t\t<\/a>\n\t\t\t\t\t\t\t<a class=\"e-gallery-item elementor-gallery-item elementor-animated-content\" href=\"https:\/\/ise.edu.es\/wp-content\/uploads\/2018\/09\/melia-logo-1.png\" data-elementor-open-lightbox=\"yes\" data-elementor-lightbox-slideshow=\"385f60b\" data-elementor-lightbox-title=\"melia-logo\" data-e-action-hash=\"#elementor-action%3Aaction%3Dlightbox%26settings%3DeyJpZCI6Mjg1LCJ1cmwiOiJodHRwczpcL1wvaXNlLmVkdS5lc1wvd3AtY29udGVudFwvdXBsb2Fkc1wvMjAxOFwvMDlcL21lbGlhLWxvZ28tMS5wbmciLCJzbGlkZXNob3ciOiIzODVmNjBiIn0%3D\">\n\t\t\t\t\t<div class=\"e-gallery-image elementor-gallery-item__image\" data-thumbnail=\"https:\/\/ise.edu.es\/wp-content\/uploads\/2018\/09\/melia-logo-1.png\" data-width=\"150\" data-height=\"150\" aria-label=\"\" role=\"img\" ><\/div>\n\t\t\t\t\t\t\t\t\t\t\t<div class=\"elementor-gallery-item__overlay\"><\/div>\n\t\t\t\t\t\t\t\t\t\t\t\t\t\t<\/a>\n\t\t\t\t\t<\/div>\n\t\t\t\t\t<\/div>\n\t\t\t\t<\/div>\n\t\t\t\t<\/div>\n\t\t<div class=\"elementor-element elementor-element-635226d e-con-full e-flex e-con e-parent\" data-id=\"635226d\" data-element_type=\"container\" data-e-type=\"container\">\n\t\t\t\t<div class=\"elementor-element elementor-element-9210105 elementor-widget elementor-widget-heading\" data-id=\"9210105\" data-element_type=\"widget\" data-e-type=\"widget\" data-widget_type=\"heading.default\">\n\t\t\t\t<div class=\"elementor-widget-container\">\n\t\t\t\t\t<h3 class=\"elementor-heading-title elementor-size-default\">Colaboradores<\/h3>\t\t\t\t<\/div>\n\t\t\t\t<\/div>\n\t\t\t\t<div class=\"elementor-element elementor-element-83b8d89 elementor-widget elementor-widget-gallery\" data-id=\"83b8d89\" data-element_type=\"widget\" data-e-type=\"widget\" data-settings=\"{&quot;columns&quot;:2,&quot;aspect_ratio&quot;:&quot;16:9&quot;,&quot;gallery_layout&quot;:&quot;grid&quot;,&quot;columns_tablet&quot;:2,&quot;columns_mobile&quot;:1,&quot;gap&quot;:{&quot;unit&quot;:&quot;px&quot;,&quot;size&quot;:10,&quot;sizes&quot;:[]},&quot;gap_tablet&quot;:{&quot;unit&quot;:&quot;px&quot;,&quot;size&quot;:10,&quot;sizes&quot;:[]},&quot;gap_mobile&quot;:{&quot;unit&quot;:&quot;px&quot;,&quot;size&quot;:10,&quot;sizes&quot;:[]},&quot;link_to&quot;:&quot;file&quot;,&quot;overlay_background&quot;:&quot;yes&quot;,&quot;content_hover_animation&quot;:&quot;fade-in&quot;}\" data-widget_type=\"gallery.default\">\n\t\t\t\t<div class=\"elementor-widget-container\">\n\t\t\t\t\t\t\t<div class=\"elementor-gallery__container\">\n\t\t\t\t\t\t\t<a class=\"e-gallery-item elementor-gallery-item elementor-animated-content\" href=\"https:\/\/ise.edu.es\/wp-content\/uploads\/2023\/04\/Adaptados_Mesa-de-trabajo-1-02.png\" data-elementor-open-lightbox=\"yes\" data-elementor-lightbox-slideshow=\"83b8d89\" data-elementor-lightbox-title=\"Adaptados_Mesa de trabajo 1-02\" data-e-action-hash=\"#elementor-action%3Aaction%3Dlightbox%26settings%3DeyJpZCI6MjE4NSwidXJsIjoiaHR0cHM6XC9cL2lzZS5lZHUuZXNcL3dwLWNvbnRlbnRcL3VwbG9hZHNcLzIwMjNcLzA0XC9BZGFwdGFkb3NfTWVzYS1kZS10cmFiYWpvLTEtMDIucG5nIiwic2xpZGVzaG93IjoiODNiOGQ4OSJ9\">\n\t\t\t\t\t<div class=\"e-gallery-image elementor-gallery-item__image\" data-thumbnail=\"https:\/\/ise.edu.es\/wp-content\/uploads\/2023\/04\/Adaptados_Mesa-de-trabajo-1-02.png\" data-width=\"626\" data-height=\"626\" aria-label=\"\" role=\"img\" ><\/div>\n\t\t\t\t\t\t\t\t\t\t\t<div class=\"elementor-gallery-item__overlay\"><\/div>\n\t\t\t\t\t\t\t\t\t\t\t\t\t\t<\/a>\n\t\t\t\t\t\t\t<a class=\"e-gallery-item elementor-gallery-item elementor-animated-content\" href=\"https:\/\/ise.edu.es\/wp-content\/uploads\/2023\/04\/ferrocarrill_Mesa-de-trabajo-1-1-e1559814795173.png\" data-elementor-open-lightbox=\"yes\" data-elementor-lightbox-slideshow=\"83b8d89\" data-elementor-lightbox-title=\"ferrocarrill_Mesa-de-trabajo-1-1-e1559814795173\" data-e-action-hash=\"#elementor-action%3Aaction%3Dlightbox%26settings%3DeyJpZCI6MjE4NiwidXJsIjoiaHR0cHM6XC9cL2lzZS5lZHUuZXNcL3dwLWNvbnRlbnRcL3VwbG9hZHNcLzIwMjNcLzA0XC9mZXJyb2NhcnJpbGxfTWVzYS1kZS10cmFiYWpvLTEtMS1lMTU1OTgxNDc5NTE3My5wbmciLCJzbGlkZXNob3ciOiI4M2I4ZDg5In0%3D\">\n\t\t\t\t\t<div class=\"e-gallery-image elementor-gallery-item__image\" data-thumbnail=\"https:\/\/ise.edu.es\/wp-content\/uploads\/2023\/04\/ferrocarrill_Mesa-de-trabajo-1-1-e1559814795173.png\" data-width=\"150\" data-height=\"150\" aria-label=\"\" role=\"img\" ><\/div>\n\t\t\t\t\t\t\t\t\t\t\t<div class=\"elementor-gallery-item__overlay\"><\/div>\n\t\t\t\t\t\t\t\t\t\t\t\t\t\t<\/a>\n\t\t\t\t\t<\/div>\n\t\t\t\t\t<\/div>\n\t\t\t\t<\/div>\n\t\t\t\t<\/div>\n\t\t\t\t\t<\/div>\n\t\t\t\t<\/div>\n\t\t\t\t<\/div>\n\t\t","protected":false},"excerpt":{"rendered":"<p>\u00bfQui\u00e9nes somos ? NUESTRA MISI\u00d3N ES Un sector determinante en nuestra econom\u00eda, haciendo del nuestro un pa\u00eds l\u00edder en la profesionalizaci\u00f3n de este sector y fomentando el crecimiento de esta industria como motor de nuestra econom\u00eda y fuente de empleo para las pr\u00f3ximas d\u00e9cadas. Nuestra visi\u00f3n como comunidad incluye Potenciar la colaboraci\u00f3n de los diferentes [&hellip;]<\/p>\n","protected":false},"author":1,"featured_media":0,"parent":0,"menu_order":0,"comment_status":"closed","ping_status":"closed","template":"","meta":{"_eb_attr":"","site-sidebar-layout":"no-sidebar","site-content-layout":"page-builder","ast-site-content-layout":"default","site-content-style":"default","site-sidebar-style":"default","ast-global-header-display":"","ast-banner-title-visibility":"","ast-main-header-display":"","ast-hfb-above-header-display":"","ast-hfb-below-header-display":"","ast-hfb-mobile-header-display":"","site-post-title":"disabled","ast-breadcrumbs-content":"","ast-featured-img":"disabled","footer-sml-layout":"","ast-disable-related-posts":"","theme-transparent-header-meta":"","adv-header-id-meta":"","stick-header-meta":"","header-above-stick-meta":"","header-main-stick-meta":"","header-below-stick-meta":"","astra-migrate-meta-layouts":"default","ast-page-background-enabled":"default","ast-page-background-meta":{"desktop":{"background-color":"var(--ast-global-color-4)","background-image":"","background-repeat":"repeat","background-position":"center center","background-size":"auto","background-attachment":"scroll","background-type":"","background-media":"","overlay-type":"","overlay-color":"","overlay-opacity":"","overlay-gradient":""},"tablet":{"background-color":"","background-image":"","background-repeat":"repeat","background-position":"center center","background-size":"auto","background-attachment":"scroll","background-type":"","background-media":"","overlay-type":"","overlay-color":"","overlay-opacity":"","overlay-gradient":""},"mobile":{"background-color":"","background-image":"","background-repeat":"repeat","background-position":"center center","background-size":"auto","background-attachment":"scroll","background-type":"","background-media":"","overlay-type":"","overlay-color":"","overlay-opacity":"","overlay-gradient":""}},"ast-content-background-meta":{"desktop":{"background-color":"var(--ast-global-color-5)","background-image":"","background-repeat":"repeat","background-position":"center center","background-size":"auto","background-attachment":"scroll","background-type":"","background-media":"","overlay-type":"","overlay-color":"","overlay-opacity":"","overlay-gradient":""},"tablet":{"background-color":"var(--ast-global-color-5)","background-image":"","background-repeat":"repeat","background-position":"center center","background-size":"auto","background-attachment":"scroll","background-type":"","background-media":"","overlay-type":"","overlay-color":"","overlay-opacity":"","overlay-gradient":""},"mobile":{"background-color":"var(--ast-global-color-5)","background-image":"","background-repeat":"repeat","background-position":"center center","background-size":"auto","background-attachment":"scroll","background-type":"","background-media":"","overlay-type":"","overlay-color":"","overlay-opacity":"","overlay-gradient":""}},"footnotes":""},"class_list":["post-1782","page","type-page","status-publish","hentry"],"_links":{"self":[{"href":"https:\/\/ise.edu.es\/index.php\/wp-json\/wp\/v2\/pages\/1782","targetHints":{"allow":["GET"]}}],"collection":[{"href":"https:\/\/ise.edu.es\/index.php\/wp-json\/wp\/v2\/pages"}],"about":[{"href":"https:\/\/ise.edu.es\/index.php\/wp-json\/wp\/v2\/types\/page"}],"author":[{"embeddable":true,"href":"https:\/\/ise.edu.es\/index.php\/wp-json\/wp\/v2\/users\/1"}],"replies":[{"embeddable":true,"href":"https:\/\/ise.edu.es\/index.php\/wp-json\/wp\/v2\/comments?post=1782"}],"version-history":[{"count":223,"href":"https:\/\/ise.edu.es\/index.php\/wp-json\/wp\/v2\/pages\/1782\/revisions"}],"predecessor-version":[{"id":3127,"href":"https:\/\/ise.edu.es\/index.php\/wp-json\/wp\/v2\/pages\/1782\/revisions\/3127"}],"wp:attachment":[{"href":"https:\/\/ise.edu.es\/index.php\/wp-json\/wp\/v2\/media?parent=1782"}],"curies":[{"name":"wp","href":"https:\/\/api.w.org\/{rel}","templated":true}]}}