{"id":2384,"date":"2023-05-18T10:58:23","date_gmt":"2023-05-18T08:58:23","guid":{"rendered":"https:\/\/ise.edu.es\/?page_id=2384"},"modified":"2023-07-10T18:38:16","modified_gmt":"2023-07-10T16:38:16","slug":"grado-ingenieria-de-servicios-copy","status":"publish","type":"page","link":"https:\/\/ise.edu.es\/index.php\/grado-ingenieria-de-servicios-copy\/","title":{"rendered":"CURSOS DE\u00a0FORMACI\u00d3NPARA EMPRESAS"},"content":{"rendered":"\t\t<div data-elementor-type=\"wp-page\" data-elementor-id=\"2384\" class=\"elementor elementor-2384\" data-elementor-post-type=\"page\">\n\t\t\t\t<div class=\"elementor-element elementor-element-48571532 e-flex e-con-boxed e-con e-parent\" data-id=\"48571532\" data-element_type=\"container\" data-e-type=\"container\" data-settings=\"{&quot;background_background&quot;:&quot;classic&quot;}\">\n\t\t\t\t\t<div class=\"e-con-inner\">\n\t\t\t\t<div class=\"elementor-element elementor-element-22bdc0b9 elementor-widget elementor-widget-heading\" data-id=\"22bdc0b9\" data-element_type=\"widget\" data-e-type=\"widget\" data-widget_type=\"heading.default\">\n\t\t\t\t<div class=\"elementor-widget-container\">\n\t\t\t\t\t<h2 class=\"elementor-heading-title elementor-size-default\">&nbsp;<\/h2>\t\t\t\t<\/div>\n\t\t\t\t<\/div>\n\t\t\t\t\t<\/div>\n\t\t\t\t<\/div>\n\t\t<div class=\"elementor-element elementor-element-573cf25 e-flex e-con-boxed e-con e-parent\" data-id=\"573cf25\" data-element_type=\"container\" data-e-type=\"container\">\n\t\t\t\t\t<div class=\"e-con-inner\">\n\t\t<div class=\"elementor-element elementor-element-7666123 e-flex e-con-boxed e-con e-parent\" data-id=\"7666123\" data-element_type=\"container\" data-e-type=\"container\" data-settings=\"{&quot;background_background&quot;:&quot;classic&quot;}\">\n\t\t\t\t\t<div class=\"e-con-inner\">\n\t\t<div class=\"elementor-element elementor-element-63a10a2 e-con-full e-flex e-con e-parent\" data-id=\"63a10a2\" data-element_type=\"container\" data-e-type=\"container\">\n\t\t\t\t<div class=\"elementor-element elementor-element-34b3f44 elementor-hidden-mobile elementor-widget elementor-widget-image\" data-id=\"34b3f44\" data-element_type=\"widget\" data-e-type=\"widget\" data-widget_type=\"image.default\">\n\t\t\t\t<div class=\"elementor-widget-container\">\n\t\t\t\t\t\t\t\t\t\t\t\t\t\t\t<img fetchpriority=\"high\" decoding=\"async\" width=\"834\" height=\"426\" src=\"https:\/\/ise.edu.es\/wp-content\/uploads\/2018\/09\/grado-1.jpg\" class=\"attachment-2048x2048 size-2048x2048 wp-image-236\" alt=\"grado-en-ingenieria-de-servicios\" srcset=\"https:\/\/ise.edu.es\/wp-content\/uploads\/2018\/09\/grado-1.jpg 834w, https:\/\/ise.edu.es\/wp-content\/uploads\/2018\/09\/grado-1-300x153.jpg 300w, https:\/\/ise.edu.es\/wp-content\/uploads\/2018\/09\/grado-1-768x392.jpg 768w\" sizes=\"(max-width: 834px) 100vw, 834px\" \/>\t\t\t\t\t\t\t\t\t\t\t\t\t\t\t<\/div>\n\t\t\t\t<\/div>\n\t\t\t\t<\/div>\n\t\t<div class=\"elementor-element elementor-element-08a32eb e-con-full e-flex e-con e-parent\" data-id=\"08a32eb\" data-element_type=\"container\" data-e-type=\"container\">\n\t\t\t\t<div class=\"elementor-element elementor-element-a94b412 elementor-hidden-mobile elementor-widget elementor-widget-heading\" data-id=\"a94b412\" data-element_type=\"widget\" data-e-type=\"widget\" data-widget_type=\"heading.default\">\n\t\t\t\t<div class=\"elementor-widget-container\">\n\t\t\t\t\t<h2 class=\"elementor-heading-title elementor-size-default\"> CURSOS DE <strong>FORMACI\u00d3N<\/strong> PARA EMPRESAS<\/h2>\t\t\t\t<\/div>\n\t\t\t\t<\/div>\n\t\t\t\t<\/div>\n\t\t\t\t\t<\/div>\n\t\t\t\t<\/div>\n\t\t\t\t\t<\/div>\n\t\t\t\t<\/div>\n\t\t<div class=\"elementor-element elementor-element-6325367 e-flex e-con-boxed e-con e-parent\" data-id=\"6325367\" data-element_type=\"container\" data-e-type=\"container\">\n\t\t\t\t\t<div class=\"e-con-inner\">\n\t\t\t\t<div class=\"elementor-element elementor-element-cc66170 elementor-widget elementor-widget-toggle\" data-id=\"cc66170\" data-element_type=\"widget\" data-e-type=\"widget\" data-widget_type=\"toggle.default\">\n\t\t\t\t<div class=\"elementor-widget-container\">\n\t\t\t\t\t\t\t<div class=\"elementor-toggle\">\n\t\t\t\t\t\t\t<div class=\"elementor-toggle-item\">\n\t\t\t\t\t<div id=\"elementor-tab-title-2141\" class=\"elementor-tab-title\" data-tab=\"1\" role=\"button\" aria-controls=\"elementor-tab-content-2141\" aria-expanded=\"false\">\n\t\t\t\t\t\t\t\t\t\t\t\t<span class=\"elementor-toggle-icon elementor-toggle-icon-right\" aria-hidden=\"true\">\n\t\t\t\t\t\t\t\t\t\t\t\t\t\t\t<span class=\"elementor-toggle-icon-closed\"><svg class=\"e-font-icon-svg e-fas-caret-right\" viewBox=\"0 0 192 512\" xmlns=\"http:\/\/www.w3.org\/2000\/svg\"><path d=\"M0 384.662V127.338c0-17.818 21.543-26.741 34.142-14.142l128.662 128.662c7.81 7.81 7.81 20.474 0 28.284L34.142 398.804C21.543 411.404 0 402.48 0 384.662z\"><\/path><\/svg><\/span>\n\t\t\t\t\t\t\t\t<span class=\"elementor-toggle-icon-opened\"><svg class=\"elementor-toggle-icon-opened e-font-icon-svg e-fas-caret-up\" viewBox=\"0 0 320 512\" xmlns=\"http:\/\/www.w3.org\/2000\/svg\"><path d=\"M288.662 352H31.338c-17.818 0-26.741-21.543-14.142-34.142l128.662-128.662c7.81-7.81 20.474-7.81 28.284 0l128.662 128.662c12.6 12.599 3.676 34.142-14.142 34.142z\"><\/path><\/svg><\/span>\n\t\t\t\t\t\t\t\t\t\t\t\t\t<\/span>\n\t\t\t\t\t\t\t\t\t\t\t\t<a class=\"elementor-toggle-title\" tabindex=\"0\">CURSOS DE <strong>GESTI\u00d3N E INGENIER\u00cdA DE SERVICIOS<\/a>\n\t\t\t\t\t<\/div>\n\n\t\t\t\t\t<div id=\"elementor-tab-content-2141\" class=\"elementor-tab-content elementor-clearfix\" data-tab=\"1\" role=\"region\" aria-labelledby=\"elementor-tab-title-2141\"><ul>\n \t<li><strong>Dise\u00f1o de Servicios: Design Thinking y otras herramientas: <\/strong>Entender el problema: t\u00e9cnicas de observaci\u00f3n. Idear soluciones: t\u00e9cnicas de innovaci\u00f3n y brainstorming. Prototipado e iteraci\u00f3n. Prueba y refinamiento: t\u00e9cnicas para la validaci\u00f3n del servicio y la recolecci\u00f3n de feedback.<\/li>\n \t<li><strong>Gesti\u00f3n de Servicios:<\/strong> Introducci\u00f3n a la Gesti\u00f3n de Servicios. Puesta en marcha. Gesti\u00f3n del servicio en explotaci\u00f3n. Modelos para la gesti\u00f3n de servicios: ITIL<\/li>\n \t<li><strong>Modelado de Procesos de Negocios:<\/strong> Introducci\u00f3n a los procesos de negocios. T\u00e9cnicas de modelado de negocio. T\u00e9cnicas de modelado de procesos. BPMN. Herramientas de gesti\u00f3n de procesos de negocios.<\/li>\n \t<li><strong>Servicios y empresas de servicios:<\/strong> Concepto y caracter\u00edsticas de servicio: la l\u00f3gica dominante de los servicios. Servicio vs producto. La empresa de servicios como sistema. Caracter\u00edsticas distintivas de la empresa de servicios.<\/li>\n \t<li><strong>Direcci\u00f3n de operaciones en empresas de servicios:<\/strong> La estrategia de operaciones. Servicio y proceso: el sistema de entrega en servicios. Localizaci\u00f3n y distribuci\u00f3n en planta. Capacidad en servicios. L\u00edneas de espera. Calidad.<\/li>\n<\/ul><\/div>\n\t\t\t\t<\/div>\n\t\t\t\t\t\t\t<div class=\"elementor-toggle-item\">\n\t\t\t\t\t<div id=\"elementor-tab-title-2142\" class=\"elementor-tab-title\" data-tab=\"2\" role=\"button\" aria-controls=\"elementor-tab-content-2142\" aria-expanded=\"false\">\n\t\t\t\t\t\t\t\t\t\t\t\t<span class=\"elementor-toggle-icon elementor-toggle-icon-right\" aria-hidden=\"true\">\n\t\t\t\t\t\t\t\t\t\t\t\t\t\t\t<span class=\"elementor-toggle-icon-closed\"><svg class=\"e-font-icon-svg e-fas-caret-right\" viewBox=\"0 0 192 512\" xmlns=\"http:\/\/www.w3.org\/2000\/svg\"><path d=\"M0 384.662V127.338c0-17.818 21.543-26.741 34.142-14.142l128.662 128.662c7.81 7.81 7.81 20.474 0 28.284L34.142 398.804C21.543 411.404 0 402.48 0 384.662z\"><\/path><\/svg><\/span>\n\t\t\t\t\t\t\t\t<span class=\"elementor-toggle-icon-opened\"><svg class=\"elementor-toggle-icon-opened e-font-icon-svg e-fas-caret-up\" viewBox=\"0 0 320 512\" xmlns=\"http:\/\/www.w3.org\/2000\/svg\"><path d=\"M288.662 352H31.338c-17.818 0-26.741-21.543-14.142-34.142l128.662-128.662c7.81-7.81 20.474-7.81 28.284 0l128.662 128.662c12.6 12.599 3.676 34.142-14.142 34.142z\"><\/path><\/svg><\/span>\n\t\t\t\t\t\t\t\t\t\t\t\t\t<\/span>\n\t\t\t\t\t\t\t\t\t\t\t\t<a class=\"elementor-toggle-title\" tabindex=\"0\">CURSOS DE <STRONG>HABILIDADES PERSONALES Y EMOCIONALES<STRONG><\/a>\n\t\t\t\t\t<\/div>\n\n\t\t\t\t\t<div id=\"elementor-tab-content-2142\" class=\"elementor-tab-content elementor-clearfix\" data-tab=\"2\" role=\"region\" aria-labelledby=\"elementor-tab-title-2142\"><ul>\n \t<li><strong>Inteligencia Emocional:<\/strong> Concepto de Inteligencia Emocional. Inteligencia Emocional en el Trabajo: las cinco Competencias emocionales B\u00e1sicas<\/li>\n \t<li><strong>Liderazgo, valores y trabajo en equipo: <\/strong>Trabajo en Equipo. Motivaci\u00f3n laboral. Liderazgo. La importancia de los valores en el equipo y en el l\u00edder. Gesti\u00f3n del tiempo.<\/li>\n \t<li><strong>Habilidades de Comunicaci\u00f3n:<\/strong> Teor\u00eda y principios de la Comunicaci\u00f3n. Comunicaci\u00f3n interpersonal. Comunicaci\u00f3n oral.<\/li>\n \t<li><strong>Relajaci\u00f3n y Mindfulness:<\/strong> Beneficios. Pr\u00e1ctica<\/li>\n \t<li><strong>Coaching ejecutivo:<\/strong> Coaching y sus herramientas. C\u00f3mo trabajar las competencias del Coaching. Coaching de Equipos<\/li>\n \t<li><strong>Negociaci\u00f3n y resoluci\u00f3n de conflictos:<\/strong> Naturaleza y tipos de conflictos. Gesti\u00f3n positiva de conflictos. T\u00e9cnicas para la resoluci\u00f3n de conflictos: negociaci\u00f3n, mediaci\u00f3n, feadback, etc.<\/li>\n \t<li><strong>Presentaciones Eficaces: <\/strong>Estructurar presentaciones. Adecuaci\u00f3n a la audiencia (m\u00e9todo Herdbrand, enfoque dirigido por objetivos\u2026). T\u00e9cnicas y Herramientas: Prezzi, ViSH, PowToon, EMaze, HaikuDeck, Crowslides. Control emocional (t\u00e9cnicas de coaching, teatrales, relajaci\u00f3n, mindfulness)<\/li>\n<\/ul><ul>\n \t<li><strong>Inteligencia Emocional:<\/strong> Concepto de Inteligencia Emocional. Inteligencia Emocional en el Trabajo: las cinco Competencias emocionales B\u00e1sicas<\/li>\n \t<li><strong>Liderazgo, valores y trabajo en equipo: <\/strong>Trabajo en Equipo. Motivaci\u00f3n laboral. Liderazgo. La importancia de los valores en el equipo y en el l\u00edder. Gesti\u00f3n del tiempo.<\/li>\n \t<li><strong>Habilidades de Comunicaci\u00f3n:<\/strong> Teor\u00eda y principios de la Comunicaci\u00f3n. Comunicaci\u00f3n interpersonal. Comunicaci\u00f3n oral.<\/li>\n \t<li><strong>Relajaci\u00f3n y Mindfulness:<\/strong> Beneficios. Pr\u00e1ctica<\/li>\n \t<li><strong>Coaching ejecutivo:<\/strong> Coaching y sus herramientas. C\u00f3mo trabajar las competencias del Coaching. Coaching de Equipos<\/li>\n \t<li><strong>Negociaci\u00f3n y resoluci\u00f3n de conflictos:<\/strong> Naturaleza y tipos de conflictos. Gesti\u00f3n positiva de conflictos. T\u00e9cnicas para la resoluci\u00f3n de conflictos: negociaci\u00f3n, mediaci\u00f3n, feadback, etc.<\/li>\n \t<li><strong>Presentaciones Eficaces: <\/strong>Estructurar presentaciones. Adecuaci\u00f3n a la audiencia (m\u00e9todo Herdbrand, enfoque dirigido por objetivos\u2026). T\u00e9cnicas y Herramientas: Prezzi, ViSH, PowToon, EMaze, HaikuDeck, Crowslides. Control emocional (t\u00e9cnicas de coaching, teatrales, relajaci\u00f3n, mindfulness)<\/li>\n<\/ul><\/div>\n\t\t\t\t<\/div>\n\t\t\t\t\t\t\t<div class=\"elementor-toggle-item\">\n\t\t\t\t\t<div id=\"elementor-tab-title-2143\" class=\"elementor-tab-title\" data-tab=\"3\" role=\"button\" aria-controls=\"elementor-tab-content-2143\" aria-expanded=\"false\">\n\t\t\t\t\t\t\t\t\t\t\t\t<span class=\"elementor-toggle-icon elementor-toggle-icon-right\" aria-hidden=\"true\">\n\t\t\t\t\t\t\t\t\t\t\t\t\t\t\t<span class=\"elementor-toggle-icon-closed\"><svg class=\"e-font-icon-svg e-fas-caret-right\" viewBox=\"0 0 192 512\" xmlns=\"http:\/\/www.w3.org\/2000\/svg\"><path d=\"M0 384.662V127.338c0-17.818 21.543-26.741 34.142-14.142l128.662 128.662c7.81 7.81 7.81 20.474 0 28.284L34.142 398.804C21.543 411.404 0 402.48 0 384.662z\"><\/path><\/svg><\/span>\n\t\t\t\t\t\t\t\t<span class=\"elementor-toggle-icon-opened\"><svg class=\"elementor-toggle-icon-opened e-font-icon-svg e-fas-caret-up\" viewBox=\"0 0 320 512\" xmlns=\"http:\/\/www.w3.org\/2000\/svg\"><path d=\"M288.662 352H31.338c-17.818 0-26.741-21.543-14.142-34.142l128.662-128.662c7.81-7.81 20.474-7.81 28.284 0l128.662 128.662c12.6 12.599 3.676 34.142-14.142 34.142z\"><\/path><\/svg><\/span>\n\t\t\t\t\t\t\t\t\t\t\t\t\t<\/span>\n\t\t\t\t\t\t\t\t\t\t\t\t<a class=\"elementor-toggle-title\" tabindex=\"0\">CURSOS DE TECNOLOG\u00cdAS \u2013 <STRONG>GESTI\u00d3N DE DATOS<\/STRONG> \u2013 <STRONG>MS OFFICE<\/a>\n\t\t\t\t\t<\/div>\n\n\t\t\t\t\t<div id=\"elementor-tab-content-2143\" class=\"elementor-tab-content elementor-clearfix\" data-tab=\"3\" role=\"region\" aria-labelledby=\"elementor-tab-title-2143\"><ul>\n \t<li><strong>Gesti\u00f3n de datos en la era del Big Data:<\/strong> Introducci\u00f3n al Big Data. Modelos de datos. MongoDB: una base de datos basada en documentos. Neo4J: una base de datos basada en grafos.<\/li>\n \t<li><strong>Dise\u00f1o de Bases de Datos:<\/strong> El sistema Gestor de Bases de Datos. Modelo de Datos. Modelo Entidad\/Interrelaci\u00f3n. El Modelo Relacional. El lenguaje SQL<\/li>\n \t<li><strong>Gesti\u00f3n Avanzada de Datos con Microsoft Excel:<\/strong> Empezar a trabajar con Excel. Opciones avanzadas de formato y presentaci\u00f3n. Trabajar con Funciones, \u2026<\/li>\n \t<li><strong>Business Intelligence con Power BI en Microsoft Excel:<\/strong> Power BI de MS Excel, PowerQuery, PowerPivot, PowerView, PowerMap.<\/li>\n \t<li><strong>Programaci\u00f3n para Microsoft Excel:<\/strong> Introducci\u00f3n. Programar con VBA. Usar VBA en Excel, \u2026<\/li>\n \t<li><strong>Gesti\u00f3n Avanzada de datos con Microsoft Access:<\/strong> Conceptos iniciales. Consultas. Formularios e Informes. Macros. Importaci\u00f3n\/Exportaci\u00f3n<\/li>\n \t<li>Otros\u2026<\/li>\n<\/ul><\/div>\n\t\t\t\t<\/div>\n\t\t\t\t\t\t\t<div class=\"elementor-toggle-item\">\n\t\t\t\t\t<div id=\"elementor-tab-title-2144\" class=\"elementor-tab-title\" data-tab=\"4\" role=\"button\" aria-controls=\"elementor-tab-content-2144\" aria-expanded=\"false\">\n\t\t\t\t\t\t\t\t\t\t\t\t<span class=\"elementor-toggle-icon elementor-toggle-icon-right\" aria-hidden=\"true\">\n\t\t\t\t\t\t\t\t\t\t\t\t\t\t\t<span class=\"elementor-toggle-icon-closed\"><svg class=\"e-font-icon-svg e-fas-caret-right\" viewBox=\"0 0 192 512\" xmlns=\"http:\/\/www.w3.org\/2000\/svg\"><path d=\"M0 384.662V127.338c0-17.818 21.543-26.741 34.142-14.142l128.662 128.662c7.81 7.81 7.81 20.474 0 28.284L34.142 398.804C21.543 411.404 0 402.48 0 384.662z\"><\/path><\/svg><\/span>\n\t\t\t\t\t\t\t\t<span class=\"elementor-toggle-icon-opened\"><svg class=\"elementor-toggle-icon-opened e-font-icon-svg e-fas-caret-up\" viewBox=\"0 0 320 512\" xmlns=\"http:\/\/www.w3.org\/2000\/svg\"><path d=\"M288.662 352H31.338c-17.818 0-26.741-21.543-14.142-34.142l128.662-128.662c7.81-7.81 20.474-7.81 28.284 0l128.662 128.662c12.6 12.599 3.676 34.142-14.142 34.142z\"><\/path><\/svg><\/span>\n\t\t\t\t\t\t\t\t\t\t\t\t\t<\/span>\n\t\t\t\t\t\t\t\t\t\t\t\t<a class=\"elementor-toggle-title\" tabindex=\"0\"><STRONG>DISE\u00d1A<\/STRONG> TU FORMACI\u00d3N<\/a>\n\t\t\t\t\t<\/div>\n\n\t\t\t\t\t<div id=\"elementor-tab-content-2144\" class=\"elementor-tab-content elementor-clearfix\" data-tab=\"4\" role=\"region\" aria-labelledby=\"elementor-tab-title-2144\"><p>Creamos cursos de formaci\u00f3n a tu medida. Adaptando tanto contenidos como el perfil del profesorado (t\u00e9cnico, de gesti\u00f3n, de humanidades) a las necesidades formativas que necesites para tu empresa u organizaci\u00f3n.<\/p><\/div>\n\t\t\t\t<\/div>\n\t\t\t\t\t\t\t\t<\/div>\n\t\t\t\t\t\t<\/div>\n\t\t\t\t<\/div>\n\t\t\t\t\t<\/div>\n\t\t\t\t<\/div>\n\t\t<div class=\"elementor-element elementor-element-0947524 elementor-hidden-mobile e-flex e-con-boxed e-con e-parent\" data-id=\"0947524\" data-element_type=\"container\" data-e-type=\"container\" data-settings=\"{&quot;background_background&quot;:&quot;classic&quot;}\">\n\t\t\t\t\t<div class=\"e-con-inner\">\n\t\t\t\t<div class=\"elementor-element elementor-element-6a8fffc elementor-widget elementor-widget-heading\" data-id=\"6a8fffc\" data-element_type=\"widget\" data-e-type=\"widget\" data-widget_type=\"heading.default\">\n\t\t\t\t<div class=\"elementor-widget-container\">\n\t\t\t\t\t<h2 class=\"elementor-heading-title elementor-size-default\"><strong>CONSULTOR\u00cdA<\/strong> PROFESIONAL<\/h2>\t\t\t\t<\/div>\n\t\t\t\t<\/div>\n\t\t<div class=\"elementor-element elementor-element-d7ce8e2 elementor-hidden-mobile e-flex e-con-boxed e-con e-parent\" data-id=\"d7ce8e2\" data-element_type=\"container\" data-e-type=\"container\" data-settings=\"{&quot;background_background&quot;:&quot;classic&quot;}\">\n\t\t\t\t\t<div class=\"e-con-inner\">\n\t\t<div class=\"elementor-element elementor-element-cec3d56 e-con-full e-flex e-con e-parent\" data-id=\"cec3d56\" data-element_type=\"container\" data-e-type=\"container\">\n\t\t\t\t<div class=\"elementor-element elementor-element-0bf2662 elementor-widget elementor-widget-text-editor\" data-id=\"0bf2662\" data-element_type=\"widget\" data-e-type=\"widget\" data-widget_type=\"text-editor.default\">\n\t\t\t\t<div class=\"elementor-widget-container\">\n\t\t\t\t\t\t\t\t\t<p><strong>Consultor\u00eda de Servicios<\/strong><\/p><ul style=\"list-style-image: url('https:\/\/ise.edu.es\/wp-content\/uploads\/2023\/07\/ico-check-copia.png');\"><li><strong>Dise\u00f1o de Servicios:<\/strong>\u00a0Reingenier\u00eda de negocio con enfoque a la mejora del servicio. Dise\u00f1o de nuevos servicios<\/li><li><strong>Innovaci\u00f3n en servicios:<\/strong> Estudios de mercado. Talleres de innovaci\u00f3n para la propuesta de nuevos servicios. Talleres de creatividad para el dise\u00f1o y redise\u00f1o de servicios.<\/li><\/ul>\t\t\t\t\t\t\t\t<\/div>\n\t\t\t\t<\/div>\n\t\t\t\t<\/div>\n\t\t<div class=\"elementor-element elementor-element-9d6206b e-con-full e-flex e-con e-parent\" data-id=\"9d6206b\" data-element_type=\"container\" data-e-type=\"container\">\n\t\t\t\t<div class=\"elementor-element elementor-element-1a4db31 elementor-widget elementor-widget-text-editor\" data-id=\"1a4db31\" data-element_type=\"widget\" data-e-type=\"widget\" data-widget_type=\"text-editor.default\">\n\t\t\t\t<div class=\"elementor-widget-container\">\n\t\t\t\t\t\t\t\t\t<p><strong>Consultor\u00eda de Personas<\/strong><\/p><ul style=\"list-style-image: url('https:\/\/ise.edu.es\/wp-content\/uploads\/2023\/07\/ico-check-copia.png');\"><li><strong>Formaci\u00f3n:<\/strong>\u00a0Dise\u00f1o de programa de formaci\u00f3n integral<\/li><li><strong>Crecimiento personal y organizacional:<\/strong>\u00a0Programas de coaching ejecutivo. Programas de coaching grupal para directivos y equipos de trabajo. Programas de mentoring. Programas enfocados a la mejora de la IE de las personas, de los equipos y de la organizaci\u00f3n.<\/li><li><strong>Selecci\u00f3n de personal:<\/strong> Programas de b\u00fasqueda y selecci\u00f3n de personal y talento.<\/li><\/ul>\t\t\t\t\t\t\t\t<\/div>\n\t\t\t\t<\/div>\n\t\t\t\t<\/div>\n\t\t\t\t\t<\/div>\n\t\t\t\t<\/div>\n\t\t\t\t\t<\/div>\n\t\t\t\t<\/div>\n\t\t<div class=\"elementor-element elementor-element-6798029 e-flex e-con-boxed e-con e-parent\" data-id=\"6798029\" data-element_type=\"container\" data-e-type=\"container\">\n\t\t\t\t\t<div class=\"e-con-inner\">\n\t\t<div class=\"elementor-element elementor-element-65e88e1 e-flex e-con-boxed e-con e-parent\" data-id=\"65e88e1\" data-element_type=\"container\" data-e-type=\"container\" data-settings=\"{&quot;background_background&quot;:&quot;classic&quot;}\">\n\t\t\t\t\t<div class=\"e-con-inner\">\n\t\t<div class=\"elementor-element elementor-element-d1699fa e-con-full e-flex e-con e-parent\" data-id=\"d1699fa\" data-element_type=\"container\" data-e-type=\"container\">\n\t\t\t\t<div class=\"elementor-element elementor-element-8c0e867 elementor-hidden-mobile elementor-widget elementor-widget-image\" data-id=\"8c0e867\" data-element_type=\"widget\" data-e-type=\"widget\" data-widget_type=\"image.default\">\n\t\t\t\t<div class=\"elementor-widget-container\">\n\t\t\t\t\t\t\t\t\t\t\t\t\t\t\t<img decoding=\"async\" width=\"661\" height=\"442\" src=\"https:\/\/ise.edu.es\/wp-content\/uploads\/2018\/09\/equipo-docente-1.jpg\" class=\"attachment-2048x2048 size-2048x2048 wp-image-301\" alt=\"Equipo Docente\" srcset=\"https:\/\/ise.edu.es\/wp-content\/uploads\/2018\/09\/equipo-docente-1.jpg 661w, https:\/\/ise.edu.es\/wp-content\/uploads\/2018\/09\/equipo-docente-1-300x201.jpg 300w\" sizes=\"(max-width: 661px) 100vw, 661px\" \/>\t\t\t\t\t\t\t\t\t\t\t\t\t\t\t<\/div>\n\t\t\t\t<\/div>\n\t\t\t\t<\/div>\n\t\t<div class=\"elementor-element elementor-element-b6a629d e-con-full e-flex e-con e-parent\" data-id=\"b6a629d\" data-element_type=\"container\" data-e-type=\"container\">\n\t\t\t\t<div class=\"elementor-element elementor-element-b6afd31 elementor-hidden-mobile elementor-widget elementor-widget-heading\" data-id=\"b6afd31\" data-element_type=\"widget\" data-e-type=\"widget\" data-widget_type=\"heading.default\">\n\t\t\t\t<div class=\"elementor-widget-container\">\n\t\t\t\t\t<h2 class=\"elementor-heading-title elementor-size-default\"><h2><strong>Equipo docente  &amp; Profesional<\/strong><\/p><\/h2>\nSomos un equipo interdisciplinar formado por profesionales y profesores universitarios de las \u00e1reas de tecnolog\u00edas de la informaci\u00f3n, empresa, psicolog\u00eda e ingenier\u00eda de servicios.\n\nContamos con una trayectoria de m\u00e1s de 20 a\u00f1os de experiencia tanto en formaci\u00f3n reglada (masters, grados, doctorado, etc.) como en cursos y en consultor\u00edas para empresa e instituciones p\u00fablicas.<\/p><\/h2>\t\t\t\t<\/div>\n\t\t\t\t<\/div>\n\t\t\t\t<\/div>\n\t\t\t\t\t<\/div>\n\t\t\t\t<\/div>\n\t\t\t\t\t<\/div>\n\t\t\t\t<\/div>\n\t\t\t\t<\/div>\n\t\t","protected":false},"excerpt":{"rendered":"<p>&nbsp; CURSOS DE FORMACI\u00d3N PARA EMPRESAS CURSOS DE GESTI\u00d3N E INGENIER\u00cdA DE SERVICIOS Dise\u00f1o de Servicios: Design Thinking y otras herramientas: Entender el problema: t\u00e9cnicas de observaci\u00f3n. Idear soluciones: t\u00e9cnicas de innovaci\u00f3n y brainstorming. Prototipado e iteraci\u00f3n. Prueba y refinamiento: t\u00e9cnicas para la validaci\u00f3n del servicio y la recolecci\u00f3n de feedback. Gesti\u00f3n de Servicios: Introducci\u00f3n [&hellip;]<\/p>\n","protected":false},"author":1,"featured_media":0,"parent":0,"menu_order":0,"comment_status":"closed","ping_status":"closed","template":"","meta":{"_eb_attr":"","site-sidebar-layout":"no-sidebar","site-content-layout":"page-builder","ast-site-content-layout":"default","site-content-style":"default","site-sidebar-style":"default","ast-global-header-display":"","ast-banner-title-visibility":"","ast-main-header-display":"","ast-hfb-above-header-display":"","ast-hfb-below-header-display":"","ast-hfb-mobile-header-display":"","site-post-title":"disabled","ast-breadcrumbs-content":"","ast-featured-img":"disabled","footer-sml-layout":"","ast-disable-related-posts":"","theme-transparent-header-meta":"","adv-header-id-meta":"","stick-header-meta":"","header-above-stick-meta":"","header-main-stick-meta":"","header-below-stick-meta":"","astra-migrate-meta-layouts":"default","ast-page-background-enabled":"default","ast-page-background-meta":{"desktop":{"background-color":"var(--ast-global-color-4)","background-image":"","background-repeat":"repeat","background-position":"center center","background-size":"auto","background-attachment":"scroll","background-type":"","background-media":"","overlay-type":"","overlay-color":"","overlay-opacity":"","overlay-gradient":""},"tablet":{"background-color":"","background-image":"","background-repeat":"repeat","background-position":"center center","background-size":"auto","background-attachment":"scroll","background-type":"","background-media":"","overlay-type":"","overlay-color":"","overlay-opacity":"","overlay-gradient":""},"mobile":{"background-color":"","background-image":"","background-repeat":"repeat","background-position":"center center","background-size":"auto","background-attachment":"scroll","background-type":"","background-media":"","overlay-type":"","overlay-color":"","overlay-opacity":"","overlay-gradient":""}},"ast-content-background-meta":{"desktop":{"background-color":"var(--ast-global-color-5)","background-image":"","background-repeat":"repeat","background-position":"center center","background-size":"auto","background-attachment":"scroll","background-type":"","background-media":"","overlay-type":"","overlay-color":"","overlay-opacity":"","overlay-gradient":""},"tablet":{"background-color":"var(--ast-global-color-5)","background-image":"","background-repeat":"repeat","background-position":"center center","background-size":"auto","background-attachment":"scroll","background-type":"","background-media":"","overlay-type":"","overlay-color":"","overlay-opacity":"","overlay-gradient":""},"mobile":{"background-color":"var(--ast-global-color-5)","background-image":"","background-repeat":"repeat","background-position":"center center","background-size":"auto","background-attachment":"scroll","background-type":"","background-media":"","overlay-type":"","overlay-color":"","overlay-opacity":"","overlay-gradient":""}},"footnotes":""},"class_list":["post-2384","page","type-page","status-publish","hentry"],"_links":{"self":[{"href":"https:\/\/ise.edu.es\/index.php\/wp-json\/wp\/v2\/pages\/2384","targetHints":{"allow":["GET"]}}],"collection":[{"href":"https:\/\/ise.edu.es\/index.php\/wp-json\/wp\/v2\/pages"}],"about":[{"href":"https:\/\/ise.edu.es\/index.php\/wp-json\/wp\/v2\/types\/page"}],"author":[{"embeddable":true,"href":"https:\/\/ise.edu.es\/index.php\/wp-json\/wp\/v2\/users\/1"}],"replies":[{"embeddable":true,"href":"https:\/\/ise.edu.es\/index.php\/wp-json\/wp\/v2\/comments?post=2384"}],"version-history":[{"count":73,"href":"https:\/\/ise.edu.es\/index.php\/wp-json\/wp\/v2\/pages\/2384\/revisions"}],"predecessor-version":[{"id":3090,"href":"https:\/\/ise.edu.es\/index.php\/wp-json\/wp\/v2\/pages\/2384\/revisions\/3090"}],"wp:attachment":[{"href":"https:\/\/ise.edu.es\/index.php\/wp-json\/wp\/v2\/media?parent=2384"}],"curies":[{"name":"wp","href":"https:\/\/api.w.org\/{rel}","templated":true}]}}