{"id":3333,"date":"2023-09-19T12:57:36","date_gmt":"2023-09-19T10:57:36","guid":{"rendered":"https:\/\/ise.edu.es\/?page_id=3333"},"modified":"2023-09-19T13:02:19","modified_gmt":"2023-09-19T11:02:19","slug":"blog","status":"publish","type":"page","link":"https:\/\/ise.edu.es\/index.php\/blog\/","title":{"rendered":"Blog"},"content":{"rendered":"\t\t<div data-elementor-type=\"wp-page\" data-elementor-id=\"3333\" class=\"elementor elementor-3333\" data-elementor-post-type=\"page\">\n\t\t\t\t<div class=\"elementor-element elementor-element-dca19f7 e-flex e-con-boxed e-con e-parent\" data-id=\"dca19f7\" data-element_type=\"container\" data-e-type=\"container\">\n\t\t\t\t\t<div class=\"e-con-inner\">\n\t\t\t\t<div class=\"elementor-element elementor-element-4608297 elementor-widget elementor-widget-heading\" data-id=\"4608297\" data-element_type=\"widget\" data-e-type=\"widget\" data-widget_type=\"heading.default\">\n\t\t\t\t<div class=\"elementor-widget-container\">\n\t\t\t\t\t<h1 class=\"elementor-heading-title elementor-size-default\">BLOG<\/h1>\t\t\t\t<\/div>\n\t\t\t\t<\/div>\n\t\t\t\t\t<\/div>\n\t\t\t\t<\/div>\n\t\t<div class=\"elementor-element elementor-element-e8287e0 e-flex e-con-boxed e-con e-parent\" data-id=\"e8287e0\" data-element_type=\"container\" data-e-type=\"container\">\n\t\t\t\t\t<div class=\"e-con-inner\">\n\t\t\t\t<div class=\"elementor-element elementor-element-bea123f elementor-grid-3 elementor-grid-tablet-2 elementor-grid-mobile-1 elementor-posts--thumbnail-top elementor-posts--show-avatar elementor-card-shadow-yes elementor-posts__hover-gradient elementor-widget elementor-widget-posts\" data-id=\"bea123f\" data-element_type=\"widget\" data-e-type=\"widget\" data-settings=\"{&quot;pagination_type&quot;:&quot;load_more_infinite_scroll&quot;,&quot;cards_columns&quot;:&quot;3&quot;,&quot;cards_columns_tablet&quot;:&quot;2&quot;,&quot;cards_columns_mobile&quot;:&quot;1&quot;,&quot;cards_row_gap&quot;:{&quot;unit&quot;:&quot;px&quot;,&quot;size&quot;:35,&quot;sizes&quot;:[]},&quot;cards_row_gap_tablet&quot;:{&quot;unit&quot;:&quot;px&quot;,&quot;size&quot;:&quot;&quot;,&quot;sizes&quot;:[]},&quot;cards_row_gap_mobile&quot;:{&quot;unit&quot;:&quot;px&quot;,&quot;size&quot;:&quot;&quot;,&quot;sizes&quot;:[]},&quot;load_more_spinner&quot;:{&quot;value&quot;:&quot;fas fa-spinner&quot;,&quot;library&quot;:&quot;fa-solid&quot;}}\" data-widget_type=\"posts.cards\">\n\t\t\t\t<div class=\"elementor-widget-container\">\n\t\t\t\t\t\t\t<div class=\"elementor-posts-container elementor-posts elementor-posts--skin-cards elementor-grid\" role=\"list\">\n\t\t\t\t<article class=\"elementor-post elementor-grid-item post-2047 post type-post status-publish format-standard has-post-thumbnail hentry category-uncategorized\" role=\"listitem\">\n\t\t\t<div class=\"elementor-post__card\">\n\t\t\t\t<a class=\"elementor-post__thumbnail__link\" href=\"https:\/\/ise.edu.es\/index.php\/2023\/04\/19\/jornadas-practicas\/\" tabindex=\"-1\" ><div class=\"elementor-post__thumbnail\"><img fetchpriority=\"high\" decoding=\"async\" width=\"300\" height=\"300\" src=\"https:\/\/ise.edu.es\/wp-content\/uploads\/2023\/04\/Publicacion-Jornadas-de-Empleo_Mesa-de-trabajo-1-300x300.jpg\" class=\"attachment-medium size-medium wp-image-1528\" alt=\"\" srcset=\"https:\/\/ise.edu.es\/wp-content\/uploads\/2023\/04\/Publicacion-Jornadas-de-Empleo_Mesa-de-trabajo-1-300x300.jpg 300w, https:\/\/ise.edu.es\/wp-content\/uploads\/2023\/04\/Publicacion-Jornadas-de-Empleo_Mesa-de-trabajo-1-1024x1024.jpg 1024w, https:\/\/ise.edu.es\/wp-content\/uploads\/2023\/04\/Publicacion-Jornadas-de-Empleo_Mesa-de-trabajo-1-150x150.jpg 150w, https:\/\/ise.edu.es\/wp-content\/uploads\/2023\/04\/Publicacion-Jornadas-de-Empleo_Mesa-de-trabajo-1-768x768.jpg 768w, https:\/\/ise.edu.es\/wp-content\/uploads\/2023\/04\/Publicacion-Jornadas-de-Empleo_Mesa-de-trabajo-1-1536x1536.jpg 1536w, https:\/\/ise.edu.es\/wp-content\/uploads\/2023\/04\/Publicacion-Jornadas-de-Empleo_Mesa-de-trabajo-1-2048x2048.jpg 2048w\" sizes=\"(max-width: 300px) 100vw, 300px\" \/><\/div><\/a>\n\t\t\t\t<div class=\"elementor-post__badge\">Uncategorized<\/div>\n\t\t\t\t<div class=\"elementor-post__avatar\">\n\t\t\t<img alt='admn_urjc' src='https:\/\/secure.gravatar.com\/avatar\/60e249eb06edbfe86d87334fba1a8c541ec7785face222ae965fef99d1f5577d?s=128&#038;d=mm&#038;r=g' srcset='https:\/\/secure.gravatar.com\/avatar\/60e249eb06edbfe86d87334fba1a8c541ec7785face222ae965fef99d1f5577d?s=256&#038;d=mm&#038;r=g 2x' class='avatar avatar-128 photo' height='128' width='128' \/>\t\t<\/div>\n\t\t\t\t<div class=\"elementor-post__text\">\n\t\t\t\t<h3 class=\"elementor-post__title\">\n\t\t\t<a href=\"https:\/\/ise.edu.es\/index.php\/2023\/04\/19\/jornadas-practicas\/\" >\n\t\t\t\tJornadas pr\u00e1cticas\t\t\t<\/a>\n\t\t<\/h3>\n\t\t\t\t<div class=\"elementor-post__excerpt\">\n\t\t\t<p>Ma\u00f1ana 7 de marzo vamos a celebrar las\u00a0JornadasPracticasISE\u00a0para los alumnos de 3 y 4 del grado de\u00a0Ingenieriadeservicios\u00a0de la\u00a0urjc@urjconline. Las empresas confirmadas son:meliahtlresortspr1meenergyaccenture.spainleyton.groupeffico_slabb_spainIcloudSoftFacilityManagementaegonsegurosolimpiamarketing#madridtalento \ud83d\uddd3 7 de<\/p>\n\t\t<\/div>\n\t\t\n\t\t<a class=\"elementor-post__read-more\" href=\"https:\/\/ise.edu.es\/index.php\/2023\/04\/19\/jornadas-practicas\/\" aria-label=\"M\u00e1s informaci\u00f3n sobre Jornadas pr\u00e1cticas\" tabindex=\"-1\" >\n\t\t\tLeer m\u00e1s \u00bb\t\t<\/a>\n\n\t\t\t\t<\/div>\n\t\t\t\t<div class=\"elementor-post__meta-data\">\n\t\t\t\t\t<span class=\"elementor-post-date\">\n\t\t\t19\/04\/2023\t\t<\/span>\n\t\t\t\t<span class=\"elementor-post-avatar\">\n\t\t\tNo hay comentarios\t\t<\/span>\n\t\t\t\t<\/div>\n\t\t\t\t\t<\/div>\n\t\t<\/article>\n\t\t\t\t<article class=\"elementor-post elementor-grid-item post-1667 post type-post status-publish format-standard has-post-thumbnail hentry category-uncategorized\" role=\"listitem\">\n\t\t\t<div class=\"elementor-post__card\">\n\t\t\t\t<a class=\"elementor-post__thumbnail__link\" href=\"https:\/\/ise.edu.es\/index.php\/2023\/04\/17\/ibm-day\/\" tabindex=\"-1\" ><div class=\"elementor-post__thumbnail\"><img decoding=\"async\" width=\"300\" height=\"300\" src=\"https:\/\/ise.edu.es\/wp-content\/uploads\/2023\/04\/IBM-1-300x300.jpg\" class=\"attachment-medium size-medium wp-image-1508\" alt=\"\" srcset=\"https:\/\/ise.edu.es\/wp-content\/uploads\/2023\/04\/IBM-1-300x300.jpg 300w, https:\/\/ise.edu.es\/wp-content\/uploads\/2023\/04\/IBM-1-1024x1024.jpg 1024w, https:\/\/ise.edu.es\/wp-content\/uploads\/2023\/04\/IBM-1-150x150.jpg 150w, https:\/\/ise.edu.es\/wp-content\/uploads\/2023\/04\/IBM-1-768x768.jpg 768w, https:\/\/ise.edu.es\/wp-content\/uploads\/2023\/04\/IBM-1-1536x1536.jpg 1536w, https:\/\/ise.edu.es\/wp-content\/uploads\/2023\/04\/IBM-1-2048x2048.jpg 2048w\" sizes=\"(max-width: 300px) 100vw, 300px\" \/><\/div><\/a>\n\t\t\t\t<div class=\"elementor-post__badge\">Uncategorized<\/div>\n\t\t\t\t<div class=\"elementor-post__avatar\">\n\t\t\t<img alt='admn_urjc' src='https:\/\/secure.gravatar.com\/avatar\/60e249eb06edbfe86d87334fba1a8c541ec7785face222ae965fef99d1f5577d?s=128&#038;d=mm&#038;r=g' srcset='https:\/\/secure.gravatar.com\/avatar\/60e249eb06edbfe86d87334fba1a8c541ec7785face222ae965fef99d1f5577d?s=256&#038;d=mm&#038;r=g 2x' class='avatar avatar-128 photo' height='128' width='128' \/>\t\t<\/div>\n\t\t\t\t<div class=\"elementor-post__text\">\n\t\t\t\t<h3 class=\"elementor-post__title\">\n\t\t\t<a href=\"https:\/\/ise.edu.es\/index.php\/2023\/04\/17\/ibm-day\/\" >\n\t\t\t\tIBM DAY\t\t\t<\/a>\n\t\t<\/h3>\n\t\t\t\t<div class=\"elementor-post__excerpt\">\n\t\t\t<p>T\u00edtulo Entrada Lorem fistrum por la gloria de mi madre esse jarl aliqua llevame al sircoo. De la pradera ullamco qu\u00e9 dise usteer est\u00e1 la<\/p>\n\t\t<\/div>\n\t\t\n\t\t<a class=\"elementor-post__read-more\" href=\"https:\/\/ise.edu.es\/index.php\/2023\/04\/17\/ibm-day\/\" aria-label=\"M\u00e1s informaci\u00f3n sobre IBM DAY\" tabindex=\"-1\" >\n\t\t\tLeer m\u00e1s \u00bb\t\t<\/a>\n\n\t\t\t\t<\/div>\n\t\t\t\t<div class=\"elementor-post__meta-data\">\n\t\t\t\t\t<span class=\"elementor-post-date\">\n\t\t\t17\/04\/2023\t\t<\/span>\n\t\t\t\t<span class=\"elementor-post-avatar\">\n\t\t\tNo hay comentarios\t\t<\/span>\n\t\t\t\t<\/div>\n\t\t\t\t\t<\/div>\n\t\t<\/article>\n\t\t\t\t<article class=\"elementor-post elementor-grid-item post-1416 post type-post status-publish format-standard has-post-thumbnail hentry category-blog\" role=\"listitem\">\n\t\t\t<div class=\"elementor-post__card\">\n\t\t\t\t<a class=\"elementor-post__thumbnail__link\" href=\"https:\/\/ise.edu.es\/index.php\/2021\/06\/17\/facility-manager-cuando-descubres-que-son-campeones\/\" tabindex=\"-1\" ><div class=\"elementor-post__thumbnail\"><img decoding=\"async\" width=\"300\" height=\"170\" src=\"https:\/\/ise.edu.es\/wp-content\/uploads\/2021\/06\/Imagen-post-URJC-1-300x170.png\" class=\"attachment-medium size-medium wp-image-1417\" alt=\"\" srcset=\"https:\/\/ise.edu.es\/wp-content\/uploads\/2021\/06\/Imagen-post-URJC-1-300x170.png 300w, https:\/\/ise.edu.es\/wp-content\/uploads\/2021\/06\/Imagen-post-URJC-1-1024x582.png 1024w, https:\/\/ise.edu.es\/wp-content\/uploads\/2021\/06\/Imagen-post-URJC-1-768x436.png 768w, https:\/\/ise.edu.es\/wp-content\/uploads\/2021\/06\/Imagen-post-URJC-1.png 1290w\" sizes=\"(max-width: 300px) 100vw, 300px\" \/><\/div><\/a>\n\t\t\t\t<div class=\"elementor-post__badge\">Blog<\/div>\n\t\t\t\t<div class=\"elementor-post__avatar\">\n\t\t\t<img alt='admn_urjc' src='https:\/\/secure.gravatar.com\/avatar\/60e249eb06edbfe86d87334fba1a8c541ec7785face222ae965fef99d1f5577d?s=128&#038;d=mm&#038;r=g' srcset='https:\/\/secure.gravatar.com\/avatar\/60e249eb06edbfe86d87334fba1a8c541ec7785face222ae965fef99d1f5577d?s=256&#038;d=mm&#038;r=g 2x' class='avatar avatar-128 photo' height='128' width='128' \/>\t\t<\/div>\n\t\t\t\t<div class=\"elementor-post__text\">\n\t\t\t\t<h3 class=\"elementor-post__title\">\n\t\t\t<a href=\"https:\/\/ise.edu.es\/index.php\/2021\/06\/17\/facility-manager-cuando-descubres-que-son-campeones\/\" >\n\t\t\t\tFACILITY MANAGER: \u00a1Cuando descubres que son campeones!\t\t\t<\/a>\n\t\t<\/h3>\n\t\t\t\t<div class=\"elementor-post__excerpt\">\n\t\t\t<p>\u201cS\u00ed, por supuesto que puede interesarme la oferta que me comentas\u2026, pero esto del Facility Management me pilla muy lejos\u2026 p\u00e1same el enlace por mail,<\/p>\n\t\t<\/div>\n\t\t\n\t\t<a class=\"elementor-post__read-more\" href=\"https:\/\/ise.edu.es\/index.php\/2021\/06\/17\/facility-manager-cuando-descubres-que-son-campeones\/\" aria-label=\"M\u00e1s informaci\u00f3n sobre FACILITY MANAGER: \u00a1Cuando descubres que son campeones!\" tabindex=\"-1\" >\n\t\t\tLeer m\u00e1s \u00bb\t\t<\/a>\n\n\t\t\t\t<\/div>\n\t\t\t\t<div class=\"elementor-post__meta-data\">\n\t\t\t\t\t<span class=\"elementor-post-date\">\n\t\t\t17\/06\/2021\t\t<\/span>\n\t\t\t\t<span class=\"elementor-post-avatar\">\n\t\t\tNo hay comentarios\t\t<\/span>\n\t\t\t\t<\/div>\n\t\t\t\t\t<\/div>\n\t\t<\/article>\n\t\t\t\t<article class=\"elementor-post elementor-grid-item post-1409 post type-post status-publish format-standard has-post-thumbnail hentry category-blog\" role=\"listitem\">\n\t\t\t<div class=\"elementor-post__card\">\n\t\t\t\t<a class=\"elementor-post__thumbnail__link\" href=\"https:\/\/ise.edu.es\/index.php\/2021\/05\/11\/ultimamente-llaman-ingenieria-a-cualquier-cosa\/\" tabindex=\"-1\" ><div class=\"elementor-post__thumbnail\"><img loading=\"lazy\" decoding=\"async\" width=\"300\" height=\"170\" src=\"https:\/\/ise.edu.es\/wp-content\/uploads\/2021\/05\/Imagen1-1-300x170.jpg\" class=\"attachment-medium size-medium wp-image-1410\" alt=\"\" srcset=\"https:\/\/ise.edu.es\/wp-content\/uploads\/2021\/05\/Imagen1-1-300x170.jpg 300w, https:\/\/ise.edu.es\/wp-content\/uploads\/2021\/05\/Imagen1-1-1024x582.jpg 1024w, https:\/\/ise.edu.es\/wp-content\/uploads\/2021\/05\/Imagen1-1-768x436.jpg 768w, https:\/\/ise.edu.es\/wp-content\/uploads\/2021\/05\/Imagen1-1.jpg 1290w\" sizes=\"(max-width: 300px) 100vw, 300px\" \/><\/div><\/a>\n\t\t\t\t<div class=\"elementor-post__badge\">Blog<\/div>\n\t\t\t\t<div class=\"elementor-post__avatar\">\n\t\t\t<img alt='admn_urjc' src='https:\/\/secure.gravatar.com\/avatar\/60e249eb06edbfe86d87334fba1a8c541ec7785face222ae965fef99d1f5577d?s=128&#038;d=mm&#038;r=g' srcset='https:\/\/secure.gravatar.com\/avatar\/60e249eb06edbfe86d87334fba1a8c541ec7785face222ae965fef99d1f5577d?s=256&#038;d=mm&#038;r=g 2x' class='avatar avatar-128 photo' height='128' width='128' \/>\t\t<\/div>\n\t\t\t\t<div class=\"elementor-post__text\">\n\t\t\t\t<h3 class=\"elementor-post__title\">\n\t\t\t<a href=\"https:\/\/ise.edu.es\/index.php\/2021\/05\/11\/ultimamente-llaman-ingenieria-a-cualquier-cosa\/\" >\n\t\t\t\t\u00daltimamente llaman ingenier\u00eda a cualquier cosa\u2026\t\t\t<\/a>\n\t\t<\/h3>\n\t\t\t\t<div class=\"elementor-post__excerpt\">\n\t\t\t<p>Me llamo Luc\u00eda, soy parte de la tercera promoci\u00f3n de ingenieros de servicios y esta es la historia de c\u00f3mo empec\u00e9 a coliderar un curso<\/p>\n\t\t<\/div>\n\t\t\n\t\t<a class=\"elementor-post__read-more\" href=\"https:\/\/ise.edu.es\/index.php\/2021\/05\/11\/ultimamente-llaman-ingenieria-a-cualquier-cosa\/\" aria-label=\"M\u00e1s informaci\u00f3n sobre \u00daltimamente llaman ingenier\u00eda a cualquier cosa\u2026\" tabindex=\"-1\" >\n\t\t\tLeer m\u00e1s \u00bb\t\t<\/a>\n\n\t\t\t\t<\/div>\n\t\t\t\t<div class=\"elementor-post__meta-data\">\n\t\t\t\t\t<span class=\"elementor-post-date\">\n\t\t\t11\/05\/2021\t\t<\/span>\n\t\t\t\t<span class=\"elementor-post-avatar\">\n\t\t\tNo hay comentarios\t\t<\/span>\n\t\t\t\t<\/div>\n\t\t\t\t\t<\/div>\n\t\t<\/article>\n\t\t\t\t<article class=\"elementor-post elementor-grid-item post-1404 post type-post status-publish format-standard has-post-thumbnail hentry category-blog\" role=\"listitem\">\n\t\t\t<div class=\"elementor-post__card\">\n\t\t\t\t<a class=\"elementor-post__thumbnail__link\" href=\"https:\/\/ise.edu.es\/index.php\/2021\/04\/27\/cgis-un-grado-para-adultos\/\" tabindex=\"-1\" ><div class=\"elementor-post__thumbnail\"><img loading=\"lazy\" decoding=\"async\" width=\"300\" height=\"170\" src=\"https:\/\/ise.edu.es\/wp-content\/uploads\/2021\/04\/img1-1-300x170.png\" class=\"attachment-medium size-medium wp-image-1406\" alt=\"\" srcset=\"https:\/\/ise.edu.es\/wp-content\/uploads\/2021\/04\/img1-1-300x170.png 300w, https:\/\/ise.edu.es\/wp-content\/uploads\/2021\/04\/img1-1-1024x582.png 1024w, https:\/\/ise.edu.es\/wp-content\/uploads\/2021\/04\/img1-1-768x436.png 768w, https:\/\/ise.edu.es\/wp-content\/uploads\/2021\/04\/img1-1.png 1290w\" sizes=\"(max-width: 300px) 100vw, 300px\" \/><\/div><\/a>\n\t\t\t\t<div class=\"elementor-post__badge\">Blog<\/div>\n\t\t\t\t<div class=\"elementor-post__avatar\">\n\t\t\t<img alt='admn_urjc' src='https:\/\/secure.gravatar.com\/avatar\/60e249eb06edbfe86d87334fba1a8c541ec7785face222ae965fef99d1f5577d?s=128&#038;d=mm&#038;r=g' srcset='https:\/\/secure.gravatar.com\/avatar\/60e249eb06edbfe86d87334fba1a8c541ec7785face222ae965fef99d1f5577d?s=256&#038;d=mm&#038;r=g 2x' class='avatar avatar-128 photo' height='128' width='128' \/>\t\t<\/div>\n\t\t\t\t<div class=\"elementor-post__text\">\n\t\t\t\t<h3 class=\"elementor-post__title\">\n\t\t\t<a href=\"https:\/\/ise.edu.es\/index.php\/2021\/04\/27\/cgis-un-grado-para-adultos\/\" >\n\t\t\t\tCGIS, \u00bfun grado para adultos?\t\t\t<\/a>\n\t\t<\/h3>\n\t\t\t\t<div class=\"elementor-post__excerpt\">\n\t\t\t<p>Siempre que pensamos en la elecci\u00f3n de un grado, nos viene a la mente la figura de ese estudiante de 18 a\u00f1os lleno de dudas<\/p>\n\t\t<\/div>\n\t\t\n\t\t<a class=\"elementor-post__read-more\" href=\"https:\/\/ise.edu.es\/index.php\/2021\/04\/27\/cgis-un-grado-para-adultos\/\" aria-label=\"M\u00e1s informaci\u00f3n sobre CGIS, \u00bfun grado para adultos?\" tabindex=\"-1\" >\n\t\t\tLeer m\u00e1s \u00bb\t\t<\/a>\n\n\t\t\t\t<\/div>\n\t\t\t\t<div class=\"elementor-post__meta-data\">\n\t\t\t\t\t<span class=\"elementor-post-date\">\n\t\t\t27\/04\/2021\t\t<\/span>\n\t\t\t\t<span class=\"elementor-post-avatar\">\n\t\t\tNo hay comentarios\t\t<\/span>\n\t\t\t\t<\/div>\n\t\t\t\t\t<\/div>\n\t\t<\/article>\n\t\t\t\t<article class=\"elementor-post elementor-grid-item post-1387 post type-post status-publish format-standard has-post-thumbnail hentry category-blog\" role=\"listitem\">\n\t\t\t<div class=\"elementor-post__card\">\n\t\t\t\t<a class=\"elementor-post__thumbnail__link\" href=\"https:\/\/ise.edu.es\/index.php\/2021\/04\/06\/impacto-del-fm-en-la-continuidad-de-negocio\/\" tabindex=\"-1\" ><div class=\"elementor-post__thumbnail\"><img loading=\"lazy\" decoding=\"async\" width=\"300\" height=\"170\" src=\"https:\/\/ise.edu.es\/wp-content\/uploads\/2021\/04\/edificio-ciudad-fm-facility-1-300x170.jpg\" class=\"attachment-medium size-medium wp-image-1388\" alt=\"\" srcset=\"https:\/\/ise.edu.es\/wp-content\/uploads\/2021\/04\/edificio-ciudad-fm-facility-1-300x170.jpg 300w, https:\/\/ise.edu.es\/wp-content\/uploads\/2021\/04\/edificio-ciudad-fm-facility-1-1024x582.jpg 1024w, https:\/\/ise.edu.es\/wp-content\/uploads\/2021\/04\/edificio-ciudad-fm-facility-1-768x436.jpg 768w, https:\/\/ise.edu.es\/wp-content\/uploads\/2021\/04\/edificio-ciudad-fm-facility-1.jpg 1290w\" sizes=\"(max-width: 300px) 100vw, 300px\" \/><\/div><\/a>\n\t\t\t\t<div class=\"elementor-post__badge\">Blog<\/div>\n\t\t\t\t<div class=\"elementor-post__avatar\">\n\t\t\t<img alt='admn_urjc' src='https:\/\/secure.gravatar.com\/avatar\/60e249eb06edbfe86d87334fba1a8c541ec7785face222ae965fef99d1f5577d?s=128&#038;d=mm&#038;r=g' srcset='https:\/\/secure.gravatar.com\/avatar\/60e249eb06edbfe86d87334fba1a8c541ec7785face222ae965fef99d1f5577d?s=256&#038;d=mm&#038;r=g 2x' class='avatar avatar-128 photo' height='128' width='128' \/>\t\t<\/div>\n\t\t\t\t<div class=\"elementor-post__text\">\n\t\t\t\t<h3 class=\"elementor-post__title\">\n\t\t\t<a href=\"https:\/\/ise.edu.es\/index.php\/2021\/04\/06\/impacto-del-fm-en-la-continuidad-de-negocio\/\" >\n\t\t\t\tIMPACTO DEL FM EN LA CONTINUIDAD DE NEGOCIO\t\t\t<\/a>\n\t\t<\/h3>\n\t\t\t\t<div class=\"elementor-post__excerpt\">\n\t\t\t<p>Hace 23 a\u00f1os entr\u00e9 a trabajar en una empresa americana de distribuci\u00f3n de juguetes. Trabajaba en el Departamento de Procurement que depend\u00eda de la Direcci\u00f3n<\/p>\n\t\t<\/div>\n\t\t\n\t\t<a class=\"elementor-post__read-more\" href=\"https:\/\/ise.edu.es\/index.php\/2021\/04\/06\/impacto-del-fm-en-la-continuidad-de-negocio\/\" aria-label=\"M\u00e1s informaci\u00f3n sobre IMPACTO DEL FM EN LA CONTINUIDAD DE NEGOCIO\" tabindex=\"-1\" >\n\t\t\tLeer m\u00e1s \u00bb\t\t<\/a>\n\n\t\t\t\t<\/div>\n\t\t\t\t<div class=\"elementor-post__meta-data\">\n\t\t\t\t\t<span class=\"elementor-post-date\">\n\t\t\t06\/04\/2021\t\t<\/span>\n\t\t\t\t<span class=\"elementor-post-avatar\">\n\t\t\tNo hay comentarios\t\t<\/span>\n\t\t\t\t<\/div>\n\t\t\t\t\t<\/div>\n\t\t<\/article>\n\t\t\t\t<\/div>\n\t\t\t\t\t<span class=\"e-load-more-spinner\">\n\t\t\t\t<svg aria-hidden=\"true\" class=\"e-font-icon-svg e-fas-spinner\" viewBox=\"0 0 512 512\" xmlns=\"http:\/\/www.w3.org\/2000\/svg\"><path d=\"M304 48c0 26.51-21.49 48-48 48s-48-21.49-48-48 21.49-48 48-48 48 21.49 48 48zm-48 368c-26.51 0-48 21.49-48 48s21.49 48 48 48 48-21.49 48-48-21.49-48-48-48zm208-208c-26.51 0-48 21.49-48 48s21.49 48 48 48 48-21.49 48-48-21.49-48-48-48zM96 256c0-26.51-21.49-48-48-48S0 229.49 0 256s21.49 48 48 48 48-21.49 48-48zm12.922 99.078c-26.51 0-48 21.49-48 48s21.49 48 48 48 48-21.49 48-48c0-26.509-21.491-48-48-48zm294.156 0c-26.51 0-48 21.49-48 48s21.49 48 48 48 48-21.49 48-48c0-26.509-21.49-48-48-48zM108.922 60.922c-26.51 0-48 21.49-48 48s21.49 48 48 48 48-21.49 48-48-21.491-48-48-48z\"><\/path><\/svg>\t\t\t<\/span>\n\t\t\n\t\t\t\t<div class=\"e-load-more-anchor\" data-page=\"1\" data-max-page=\"5\" data-next-page=\"https:\/\/ise.edu.es\/index.php\/wp-json\/wp\/v2\/pages\/3333\/page\/2\/\"><\/div>\n\t\t\t\t<div class=\"e-load-more-message\"><\/div>\n\t\t\t\t\t\t<\/div>\n\t\t\t\t<\/div>\n\t\t\t\t\t<\/div>\n\t\t\t\t<\/div>\n\t\t\t\t<\/div>\n\t\t","protected":false},"excerpt":{"rendered":"<p>BLOG<\/p>\n","protected":false},"author":1,"featured_media":0,"parent":0,"menu_order":0,"comment_status":"closed","ping_status":"closed","template":"","meta":{"_eb_attr":"","site-sidebar-layout":"no-sidebar","site-content-layout":"page-builder","ast-site-content-layout":"default","site-content-style":"default","site-sidebar-style":"default","ast-global-header-display":"","ast-banner-title-visibility":"","ast-main-header-display":"","ast-hfb-above-header-display":"","ast-hfb-below-header-display":"","ast-hfb-mobile-header-display":"","site-post-title":"disabled","ast-breadcrumbs-content":"","ast-featured-img":"disabled","footer-sml-layout":"","ast-disable-related-posts":"","theme-transparent-header-meta":"","adv-header-id-meta":"","stick-header-meta":"","header-above-stick-meta":"","header-main-stick-meta":"","header-below-stick-meta":"","astra-migrate-meta-layouts":"set","ast-page-background-enabled":"default","ast-page-background-meta":{"desktop":{"background-color":"var(--ast-global-color-4)","background-image":"","background-repeat":"repeat","background-position":"center center","background-size":"auto","background-attachment":"scroll","background-type":"","background-media":"","overlay-type":"","overlay-color":"","overlay-opacity":"","overlay-gradient":""},"tablet":{"background-color":"","background-image":"","background-repeat":"repeat","background-position":"center center","background-size":"auto","background-attachment":"scroll","background-type":"","background-media":"","overlay-type":"","overlay-color":"","overlay-opacity":"","overlay-gradient":""},"mobile":{"background-color":"","background-image":"","background-repeat":"repeat","background-position":"center center","background-size":"auto","background-attachment":"scroll","background-type":"","background-media":"","overlay-type":"","overlay-color":"","overlay-opacity":"","overlay-gradient":""}},"ast-content-background-meta":{"desktop":{"background-color":"var(--ast-global-color-5)","background-image":"","background-repeat":"repeat","background-position":"center center","background-size":"auto","background-attachment":"scroll","background-type":"","background-media":"","overlay-type":"","overlay-color":"","overlay-opacity":"","overlay-gradient":""},"tablet":{"background-color":"var(--ast-global-color-5)","background-image":"","background-repeat":"repeat","background-position":"center center","background-size":"auto","background-attachment":"scroll","background-type":"","background-media":"","overlay-type":"","overlay-color":"","overlay-opacity":"","overlay-gradient":""},"mobile":{"background-color":"var(--ast-global-color-5)","background-image":"","background-repeat":"repeat","background-position":"center center","background-size":"auto","background-attachment":"scroll","background-type":"","background-media":"","overlay-type":"","overlay-color":"","overlay-opacity":"","overlay-gradient":""}},"footnotes":""},"class_list":["post-3333","page","type-page","status-publish","hentry"],"_links":{"self":[{"href":"https:\/\/ise.edu.es\/index.php\/wp-json\/wp\/v2\/pages\/3333","targetHints":{"allow":["GET"]}}],"collection":[{"href":"https:\/\/ise.edu.es\/index.php\/wp-json\/wp\/v2\/pages"}],"about":[{"href":"https:\/\/ise.edu.es\/index.php\/wp-json\/wp\/v2\/types\/page"}],"author":[{"embeddable":true,"href":"https:\/\/ise.edu.es\/index.php\/wp-json\/wp\/v2\/users\/1"}],"replies":[{"embeddable":true,"href":"https:\/\/ise.edu.es\/index.php\/wp-json\/wp\/v2\/comments?post=3333"}],"version-history":[{"count":19,"href":"https:\/\/ise.edu.es\/index.php\/wp-json\/wp\/v2\/pages\/3333\/revisions"}],"predecessor-version":[{"id":3353,"href":"https:\/\/ise.edu.es\/index.php\/wp-json\/wp\/v2\/pages\/3333\/revisions\/3353"}],"wp:attachment":[{"href":"https:\/\/ise.edu.es\/index.php\/wp-json\/wp\/v2\/media?parent=3333"}],"curies":[{"name":"wp","href":"https:\/\/api.w.org\/{rel}","templated":true}]}}